{"id":39,"date":"2022-08-16T15:44:06","date_gmt":"2022-08-16T15:44:06","guid":{"rendered":"https:\/\/corporacioncocap.com\/?page_id=39"},"modified":"2023-04-15T03:34:57","modified_gmt":"2023-04-15T03:34:57","slug":"quienes-somos","status":"publish","type":"page","link":"https:\/\/corporacioncocap.com\/index.php\/quienes-somos\/","title":{"rendered":"\u00bfQuienes somos?"},"content":{"rendered":"<p>[et_pb_section fb_built=&#8221;1&#8243; _builder_version=&#8221;4.18.0&#8243; _module_preset=&#8221;default&#8221; background_color=&#8221;#0C71C3&#8243; background_enable_mask_style=&#8221;on&#8221; background_mask_style=&#8221;corner-square&#8221; background_mask_color=&#8221;#051E63&#8243; background_mask_transform=&#8221;invert&#8221; hover_enabled=&#8221;0&#8243; global_colors_info=&#8221;{}&#8221; sticky_enabled=&#8221;0&#8243;][et_pb_row _builder_version=&#8221;4.18.0&#8243; _module_preset=&#8221;default&#8221; hover_enabled=&#8221;0&#8243; global_colors_info=&#8221;{}&#8221; column_structure=&#8221;3_5,2_5&#8243; sticky_enabled=&#8221;0&#8243;][et_pb_column type=&#8221;3_5&#8243; _builder_version=&#8221;4.18.0&#8243; _module_preset=&#8221;default&#8221; hover_enabled=&#8221;0&#8243; global_colors_info=&#8221;{}&#8221; sticky_enabled=&#8221;0&#8243;][et_pb_text _builder_version=&#8221;4.18.0&#8243; _module_preset=&#8221;default&#8221; text_font=&#8221;Lato|700|||||||&#8221; text_text_color=&#8221;#ffffff&#8221; hover_enabled=&#8221;0&#8243; sticky_enabled=&#8221;0&#8243; text_font_size=&#8221;16px&#8221;]<\/p>\n<p>Somos una Corporaci\u00f3n que ha fusionado a los mejores profesionales de diferentes aristas para impulsar el desarrollo de las empresas, ofreciendo servicios garantizados y de calidad en cada rama:<br \/>&#8211;\u00a0 Capacitaci\u00f3n y Formaci\u00f3n (Certificaci\u00f3n).<br \/>&#8211;\u00a0 Laboratorio Cl\u00ednico (Kawsana).<br \/>&#8211;\u00a0 Consultor\u00eda de Recursos Humanos.<br \/>&#8211; Arquitectura (Especialista en dise\u00f1o de espacios comerciales).<\/p>\n<p>[\/et_pb_text][et_pb_text _builder_version=&#8221;4.18.0&#8243; _module_preset=&#8221;default&#8221; text_font=&#8221;Lato|700|||||||&#8221; text_text_color=&#8221;#ffffff&#8221; hover_enabled=&#8221;0&#8243; sticky_enabled=&#8221;0&#8243; text_font_size=&#8221;16px&#8221;]<\/p>\n<p>Estos 4 pilares nos permiten ofrecer a nuestros clientes un servicio diferenciado y a la vez completo, contamos con los mejores especialistas, no solo para realizar el trabajo sino para superar las expectativas de nuestros clientes.<\/p>\n<p>[\/et_pb_text][\/et_pb_column][et_pb_column type=&#8221;2_5&#8243; _builder_version=&#8221;4.18.0&#8243; _module_preset=&#8221;default&#8221; hover_enabled=&#8221;0&#8243; global_colors_info=&#8221;{}&#8221; sticky_enabled=&#8221;0&#8243;][et_pb_text _builder_version=&#8221;4.18.0&#8243; _module_preset=&#8221;default&#8221; header_font=&#8221;Lato|900|||||||&#8221; header_text_align=&#8221;left&#8221; header_text_color=&#8221;#FFFFFF&#8221; header_font_size=&#8221;45px&#8221; hover_enabled=&#8221;0&#8243; header_text_align_tablet=&#8221;left&#8221; header_text_align_phone=&#8221;center&#8221; header_text_align_last_edited=&#8221;on|desktop&#8221; global_colors_info=&#8221;{}&#8221; sticky_enabled=&#8221;0&#8243; positioning_last_edited=&#8221;off|tablet&#8221; position_origin_a_last_edited=&#8221;off|tablet&#8221; position_origin_f_last_edited=&#8221;off|tablet&#8221; position_origin_r_last_edited=&#8221;off|tablet&#8221; width_last_edited=&#8221;on|tablet&#8221; width_tablet=&#8221;100%&#8221; positioning_tablet=&#8221;none&#8221; scroll_vertical_motion_enable=&#8221;off&#8221; scroll_vertical_motion=&#8221;0|0|0|100|4|0|-4&#8243; custom_margin=&#8221;||||false|false&#8221; custom_margin_last_edited=&#8221;on|phone&#8221; custom_margin_tablet=&#8221;-350px||||false|false&#8221; custom_margin_phone=&#8221;-500px||||false|false&#8221; width_phone=&#8221;100%&#8221;]<\/p>\n<h1>\u00bfQuienes Somos?<\/h1>\n<p>[\/et_pb_text][\/et_pb_column][\/et_pb_row][\/et_pb_section][et_pb_section fb_built=&#8221;1&#8243; theme_builder_area=&#8221;post_content&#8221; _builder_version=&#8221;4.18.0&#8243; _module_preset=&#8221;default&#8221; background_color=&#8221;#B3C7F4&#8243; hover_enabled=&#8221;0&#8243; sticky_enabled=&#8221;0&#8243;][et_pb_row _builder_version=&#8221;4.18.0&#8243; _module_preset=&#8221;default&#8221; theme_builder_area=&#8221;post_content&#8221;][et_pb_column _builder_version=&#8221;4.18.0&#8243; _module_preset=&#8221;default&#8221; type=&#8221;4_4&#8243; theme_builder_area=&#8221;post_content&#8221;][et_pb_text _builder_version=&#8221;4.18.0&#8243; _module_preset=&#8221;default&#8221; theme_builder_area=&#8221;post_content&#8221; header_2_font=&#8221;Lato|700|||||||&#8221; header_2_text_align=&#8221;center&#8221; header_2_text_color=&#8221;#051E63&#8243; hover_enabled=&#8221;0&#8243; sticky_enabled=&#8221;0&#8243;]<\/p>\n<h2>\u00bfCu\u00e1l es nuestro enfoque y porqu\u00e9 elegirnos?<\/h2>\n<p>[\/et_pb_text][\/et_pb_column][\/et_pb_row][\/et_pb_section][et_pb_section fb_built=&#8221;1&#8243; _builder_version=&#8221;4.18.0&#8243; _module_preset=&#8221;default&#8221; background_color=&#8221;#001654&#8243; background_image=&#8221;https:\/\/corporacioncocap.com\/wp-content\/uploads\/2022\/08\/shapes-bg-color.png&#8221; global_colors_info=&#8221;{}&#8221;][et_pb_row column_structure=&#8221;1_2,1_2&#8243; _builder_version=&#8221;4.18.0&#8243; _module_preset=&#8221;default&#8221; global_colors_info=&#8221;{}&#8221;][et_pb_column type=&#8221;1_2&#8243; _builder_version=&#8221;4.18.0&#8243; _module_preset=&#8221;default&#8221; global_colors_info=&#8221;{}&#8221;][et_pb_text _builder_version=&#8221;4.18.0&#8243; _module_preset=&#8221;default&#8221; text_font=&#8221;Lato|700|||||||&#8221; text_text_color=&#8221;#FFFFFF&#8221; text_font_size=&#8221;18px&#8221; header_font=&#8221;Lato|900|||||||&#8221; header_text_align=&#8221;left&#8221; header_text_color=&#8221;#FFFFFF&#8221; header_2_font=&#8221;Lato|900|||||||&#8221; header_2_text_align=&#8221;left&#8221; header_2_text_color=&#8221;#FFFFFF&#8221; header_2_line_height=&#8221;2em&#8221; text_orientation=&#8221;justified&#8221; header_text_align_tablet=&#8221;left&#8221; header_text_align_phone=&#8221;center&#8221; header_text_align_last_edited=&#8221;on|phone&#8221; header_2_text_align_tablet=&#8221;left&#8221; header_2_text_align_phone=&#8221;center&#8221; header_2_text_align_last_edited=&#8221;on|desktop&#8221; global_colors_info=&#8221;{}&#8221;]<\/p>\n<h2><img loading=\"lazy\" decoding=\"async\" src=\"https:\/\/corporacioncocap.com\/wp-content\/uploads\/2022\/09\/Barra2.png\" width=\"8\" height=\"25\" alt=\"\" class=\"wp-image-135 alignnone size-full\" \/>\u00a0 \u00a0Misi\u00f3n<\/h2>\n<p>Impactar en el mercado con los entrenamientos y certificaciones de los m\u00e1s importantes fabricantes de tecnolog\u00eda de informaci\u00f3n a nivel mundial a trav\u00e9s de una s\u00f3lida red de socios de negocios, implementando herramientas metodol\u00f3gicas de ense\u00f1anza innovadoras impartidas por nuestros gestores del conocimiento certificados en cada especialidad.<\/p>\n<p>[\/et_pb_text][\/et_pb_column][et_pb_column type=&#8221;1_2&#8243; _builder_version=&#8221;4.18.0&#8243; _module_preset=&#8221;default&#8221; global_colors_info=&#8221;{}&#8221;][et_pb_text _builder_version=&#8221;4.18.0&#8243; _module_preset=&#8221;default&#8221; text_font=&#8221;Lato|700|||||||&#8221; text_text_color=&#8221;#FFFFFF&#8221; text_font_size=&#8221;18px&#8221; header_2_font=&#8221;Lato|900|||||||&#8221; header_2_text_align=&#8221;left&#8221; header_2_text_color=&#8221;#FFFFFF&#8221; header_2_line_height=&#8221;2em&#8221; text_orientation=&#8221;justified&#8221; header_2_text_align_tablet=&#8221;left&#8221; header_2_text_align_phone=&#8221;center&#8221; header_2_text_align_last_edited=&#8221;on|phone&#8221; global_colors_info=&#8221;{}&#8221;]<\/p>\n<h2><img loading=\"lazy\" decoding=\"async\" src=\"https:\/\/corporacioncocap.com\/wp-content\/uploads\/2022\/09\/Barra5.png\" width=\"8\" height=\"25\" alt=\"\" class=\"wp-image-133 alignnone size-full\" \/>\u00a0 \u00a0Visi\u00f3n<\/h2>\n<p>Convertirnos en el mejor aliado estrat\u00e9gico empresarial y el m\u00e1s reconocido a nivel latinoamericano, al encaminar a los miembros organizacionales hacia los objetivos institucionales, desarrollar habilidades personales y profesionales impulsando al m\u00e1ximo su potencial.<\/p>\n<p>[\/et_pb_text][\/et_pb_column][\/et_pb_row][et_pb_row _builder_version=&#8221;4.18.0&#8243; _module_preset=&#8221;default&#8221; min_height=&#8221;261.8px&#8221; global_colors_info=&#8221;{}&#8221;][et_pb_column type=&#8221;4_4&#8243; _builder_version=&#8221;4.18.0&#8243; _module_preset=&#8221;default&#8221; global_colors_info=&#8221;{}&#8221;][et_pb_text _builder_version=&#8221;4.18.0&#8243; _module_preset=&#8221;default&#8221; text_font=&#8221;Lato|700|||||||&#8221; text_text_color=&#8221;#FFFFFF&#8221; text_font_size=&#8221;18px&#8221; header_2_font=&#8221;Lato|900|||||||&#8221; header_2_text_align=&#8221;center&#8221; header_2_text_color=&#8221;#FFFFFF&#8221; header_2_line_height=&#8221;2.9em&#8221; text_orientation=&#8221;justified&#8221; header_2_text_align_tablet=&#8221;left&#8221; header_2_text_align_phone=&#8221;center&#8221; header_2_text_align_last_edited=&#8221;off|desktop&#8221; global_colors_info=&#8221;{}&#8221;]<\/p>\n<h2><img loading=\"lazy\" decoding=\"async\" src=\"https:\/\/corporacioncocap.com\/wp-content\/uploads\/2022\/09\/Barra3.png\" width=\"8\" height=\"25\" alt=\"\" class=\"wp-image-141 alignnone size-full\" \/>\u00a0 \u00a0Pol\u00edticas de Calidad<\/h2>\n<p>Corporaci\u00f3n COCAP, brinda el mejor asesoramiento en los proceso de aprendizaje seg\u00fan el objetivo planteado, con transparencia y vocaci\u00f3n, incorporamos a nuestro equipo de Talento Humano personal competente y comprometido que en armon\u00eda con nuestra cultura empresarial, hace posible la satisfacci\u00f3n de nuestros\u00a0clientes.<\/p>\n<p>[\/et_pb_text][\/et_pb_column][\/et_pb_row][et_pb_row _builder_version=&#8221;4.18.0&#8243; _module_preset=&#8221;default&#8221; global_colors_info=&#8221;{}&#8221;][et_pb_column type=&#8221;4_4&#8243; _builder_version=&#8221;4.18.0&#8243; _module_preset=&#8221;default&#8221; global_colors_info=&#8221;{}&#8221;][et_pb_text _builder_version=&#8221;4.18.0&#8243; _module_preset=&#8221;default&#8221; text_font=&#8221;Lato|700|||||||&#8221; text_text_color=&#8221;#FFFFFF&#8221; header_2_font=&#8221;Lato|900|||||||&#8221; header_2_text_align=&#8221;center&#8221; header_2_text_color=&#8221;#FFFFFF&#8221; text_orientation=&#8221;center&#8221; global_colors_info=&#8221;{}&#8221;]<\/p>\n<h2><img decoding=\"async\" src=\"https:\/\/corporacioncocap.com\/wp-content\/uploads\/2022\/09\/Barra1.png\" width=\"8\" height=\"25 \" alt=\"\" class=\"wp-image-132 alignnone size-full\" \/>\u00a0 Conoce Nuestros Instructores<\/h2>\n<p>\u00a1Todos altamente calificados!<\/p>\n<p>[\/et_pb_text][\/et_pb_column][\/et_pb_row][et_pb_row column_structure=&#8221;1_5,1_5,1_5,1_5,1_5&#8243; _builder_version=&#8221;4.18.0&#8243; _module_preset=&#8221;default&#8221; global_colors_info=&#8221;{}&#8221;][et_pb_column type=&#8221;1_5&#8243; _builder_version=&#8221;4.18.0&#8243; _module_preset=&#8221;default&#8221; global_colors_info=&#8221;{}&#8221;][et_pb_team_member name=&#8221;MSc. Jhon O. Pabon&#8221; position=&#8221;Instructor&#8221; image_url=&#8221;https:\/\/corporacioncocap.com\/wp-content\/uploads\/2022\/10\/Jhon.png&#8221; facebook_url=&#8221;https:\/\/google.com&#8221; twitter_url=&#8221;https:\/\/google.com&#8221; linkedin_url=&#8221;https:\/\/google.com&#8221; icon_color=&#8221;#FFFFFF&#8221; use_icon_font_size=&#8221;on&#8221; icon_font_size=&#8221;17px&#8221; _builder_version=&#8221;4.18.0&#8243; _module_preset=&#8221;default&#8221; header_font=&#8221;Lato|900|||||||&#8221; header_text_align=&#8221;center&#8221; header_text_color=&#8221;#FFFFFF&#8221; position_font=&#8221;Lato|900|||||||&#8221; position_text_align=&#8221;center&#8221; position_text_color=&#8221;#DE6600&#8243; background_enable_color=&#8221;off&#8221; text_orientation=&#8221;center&#8221; global_colors_info=&#8221;{}&#8221;][\/et_pb_team_member][\/et_pb_column][et_pb_column type=&#8221;1_5&#8243; _builder_version=&#8221;4.18.0&#8243; _module_preset=&#8221;default&#8221; global_colors_info=&#8221;{}&#8221;][et_pb_team_member name=&#8221;MSc. Jhon O. Pabon&#8221; position=&#8221;Instructor&#8221; image_url=&#8221;https:\/\/corporacioncocap.com\/wp-content\/uploads\/2022\/10\/Jhon.png&#8221; facebook_url=&#8221;https:\/\/google.com&#8221; twitter_url=&#8221;https:\/\/google.com&#8221; linkedin_url=&#8221;https:\/\/google.com&#8221; icon_color=&#8221;#FFFFFF&#8221; use_icon_font_size=&#8221;on&#8221; _builder_version=&#8221;4.18.0&#8243; _module_preset=&#8221;default&#8221; header_font=&#8221;Lato|900|||||||&#8221; header_text_align=&#8221;center&#8221; header_text_color=&#8221;#FFFFFF&#8221; position_font=&#8221;Lato|900|||||||&#8221; position_text_align=&#8221;center&#8221; position_text_color=&#8221;#DE6600&#8243; background_enable_color=&#8221;off&#8221; text_orientation=&#8221;center&#8221; global_colors_info=&#8221;{}&#8221;][\/et_pb_team_member][\/et_pb_column][et_pb_column type=&#8221;1_5&#8243; _builder_version=&#8221;4.18.0&#8243; _module_preset=&#8221;default&#8221; global_colors_info=&#8221;{}&#8221;][et_pb_team_member name=&#8221;MSc. Jhon O. Pabon&#8221; position=&#8221;Instructor&#8221; image_url=&#8221;https:\/\/corporacioncocap.com\/wp-content\/uploads\/2022\/10\/Jhon.png&#8221; facebook_url=&#8221;https:\/\/google.com&#8221; twitter_url=&#8221;https:\/\/google.com&#8221; linkedin_url=&#8221;https:\/\/google.com&#8221; icon_color=&#8221;#FFFFFF&#8221; use_icon_font_size=&#8221;on&#8221; _builder_version=&#8221;4.18.0&#8243; _module_preset=&#8221;default&#8221; header_font=&#8221;Lato|900|||||||&#8221; header_text_align=&#8221;center&#8221; header_text_color=&#8221;#FFFFFF&#8221; position_font=&#8221;Lato|900|||||||&#8221; position_text_align=&#8221;center&#8221; position_text_color=&#8221;#DE6600&#8243; background_enable_color=&#8221;off&#8221; text_orientation=&#8221;center&#8221; global_colors_info=&#8221;{}&#8221;][\/et_pb_team_member][\/et_pb_column][et_pb_column type=&#8221;1_5&#8243; _builder_version=&#8221;4.18.0&#8243; _module_preset=&#8221;default&#8221; global_colors_info=&#8221;{}&#8221;][et_pb_team_member name=&#8221;MSc. Jhon O. Pabon&#8221; position=&#8221;Instructor&#8221; image_url=&#8221;https:\/\/corporacioncocap.com\/wp-content\/uploads\/2022\/10\/Jhon.png&#8221; facebook_url=&#8221;https:\/\/google.com&#8221; twitter_url=&#8221;https:\/\/google.com&#8221; linkedin_url=&#8221;https:\/\/google.com&#8221; icon_color=&#8221;#FFFFFF&#8221; use_icon_font_size=&#8221;on&#8221; _builder_version=&#8221;4.18.0&#8243; _module_preset=&#8221;default&#8221; header_font=&#8221;Lato|900|||||||&#8221; header_text_align=&#8221;center&#8221; header_text_color=&#8221;#FFFFFF&#8221; position_font=&#8221;Lato|900|||||||&#8221; position_text_align=&#8221;center&#8221; position_text_color=&#8221;#DE6600&#8243; background_enable_color=&#8221;off&#8221; text_orientation=&#8221;center&#8221; global_colors_info=&#8221;{}&#8221;][\/et_pb_team_member][\/et_pb_column][et_pb_column type=&#8221;1_5&#8243; _builder_version=&#8221;4.18.0&#8243; _module_preset=&#8221;default&#8221; global_colors_info=&#8221;{}&#8221;][et_pb_team_member name=&#8221;MSc. Jhon O. Pabon&#8221; position=&#8221;Instructor&#8221; image_url=&#8221;https:\/\/corporacioncocap.com\/wp-content\/uploads\/2022\/10\/Jhon.png&#8221; facebook_url=&#8221;https:\/\/google.com&#8221; twitter_url=&#8221;https:\/\/google.com&#8221; linkedin_url=&#8221;https:\/\/google.com&#8221; icon_color=&#8221;#FFFFFF&#8221; use_icon_font_size=&#8221;on&#8221; _builder_version=&#8221;4.18.0&#8243; _module_preset=&#8221;default&#8221; header_font=&#8221;Lato|900|||||||&#8221; header_text_align=&#8221;center&#8221; header_text_color=&#8221;#FFFFFF&#8221; position_font=&#8221;Lato|900|||||||&#8221; position_text_align=&#8221;center&#8221; position_text_color=&#8221;#DE6600&#8243; background_enable_color=&#8221;off&#8221; text_orientation=&#8221;center&#8221; global_colors_info=&#8221;{}&#8221;][\/et_pb_team_member][\/et_pb_column][\/et_pb_row][\/et_pb_section]<\/p>\n","protected":false},"excerpt":{"rendered":"<p>Somos una Corporaci\u00f3n que ha fusionado a los mejores profesionales de diferentes aristas para impulsar el desarrollo de las empresas, ofreciendo servicios garantizados y de calidad en cada rama:-\u00a0 Capacitaci\u00f3n y Formaci\u00f3n (Certificaci\u00f3n).-\u00a0 Laboratorio Cl\u00ednico (Kawsana).-\u00a0 Consultor\u00eda de Recursos Humanos.- Arquitectura (Especialista en dise\u00f1o de espacios comerciales).Estos 4 pilares nos permiten ofrecer a nuestros clientes [&hellip;]<\/p>\n","protected":false},"author":1,"featured_media":0,"parent":0,"menu_order":0,"comment_status":"closed","ping_status":"closed","template":"","meta":{"_et_pb_use_builder":"on","_et_pb_old_content":"<!-- wp:divi\/placeholder \/-->","_et_gb_content_width":"","content-type":"","footnotes":""},"class_list":["post-39","page","type-page","status-publish","hentry"],"_links":{"self":[{"href":"https:\/\/corporacioncocap.com\/index.php\/wp-json\/wp\/v2\/pages\/39"}],"collection":[{"href":"https:\/\/corporacioncocap.com\/index.php\/wp-json\/wp\/v2\/pages"}],"about":[{"href":"https:\/\/corporacioncocap.com\/index.php\/wp-json\/wp\/v2\/types\/page"}],"author":[{"embeddable":true,"href":"https:\/\/corporacioncocap.com\/index.php\/wp-json\/wp\/v2\/users\/1"}],"replies":[{"embeddable":true,"href":"https:\/\/corporacioncocap.com\/index.php\/wp-json\/wp\/v2\/comments?post=39"}],"version-history":[{"count":10,"href":"https:\/\/corporacioncocap.com\/index.php\/wp-json\/wp\/v2\/pages\/39\/revisions"}],"predecessor-version":[{"id":483,"href":"https:\/\/corporacioncocap.com\/index.php\/wp-json\/wp\/v2\/pages\/39\/revisions\/483"}],"wp:attachment":[{"href":"https:\/\/corporacioncocap.com\/index.php\/wp-json\/wp\/v2\/media?parent=39"}],"curies":[{"name":"wp","href":"https:\/\/api.w.org\/{rel}","templated":true}]}}